{"id":733,"date":"2017-06-01T18:22:01","date_gmt":"2017-06-01T18:22:01","guid":{"rendered":"http:\/\/hds.com.ar\/\/busqueda-alfa\/"},"modified":"2017-09-26T17:48:03","modified_gmt":"2017-09-26T17:48:03","slug":"busqueda-alfa","status":"publish","type":"page","link":"https:\/\/www.hds.com.ar\/en\/busqueda-alfa\/","title":{"rendered":"ALPHABETIC SEARCH"},"content":{"rendered":"<div class=\"wpb-content-wrapper\"><div class=\"vc_row wpb_row vc_row-fluid vc_custom_1496430141429\"><div class=\"wpb_column vc_column_container vc_col-sm-12\"><div class=\"vc_column-inner\"><div class=\"wpb_wrapper\"><h2 style=\"text-align: left;font-family:Quicksand;font-weight:400;font-style:normal\" class=\"vc_custom_heading vc_do_custom_heading\" >ALPHABETIC SEARCH<\/h2><div class=\"vc_separator wpb_content_element vc_separator_align_center vc_sep_width_100 vc_sep_pos_align_left vc_separator_no_text vc_custom_1496434871070 wpb_content_element  vc_custom_1496434871070 wpb_content_element\" ><span class=\"vc_sep_holder vc_sep_holder_l\"><span style=\"border-color:#5fa7ba;\" class=\"vc_sep_line\"><\/span><\/span><span class=\"vc_sep_holder vc_sep_holder_r\"><span style=\"border-color:#5fa7ba;\" class=\"vc_sep_line\"><\/span><\/span>\n<\/div><\/div><\/div><\/div><\/div><div class=\"vc_row wpb_row vc_row-fluid\"><div class=\"wpb_column vc_column_container vc_col-sm-12\"><div class=\"vc_column-inner\"><div class=\"wpb_wrapper\">\n\t<div class=\"wpb_text_column wpb_content_element\" >\n\t\t<div class=\"wpb_wrapper\">\n\t\t\t<form autocomplete=\"off\" name=\"wpv-filter-82\" action=\"\/en\/wp-json\/wp\/v2\/pages\/733?wpv_view_count=82\" method=\"get\" class=\"wpv-filter-form js-wpv-filter-form js-wpv-filter-form-82 js-wpv-form-full js-wpv-dps-enabled js-wpv-ajax-results-enabled\" data-viewnumber=\"82\" data-viewid=\"82\" data-viewhash=\"eyJuYW1lIjoiQnVzcXVlZGEgUHJvZmVzaW9uYWxlcyJ9\" data-viewwidgetid=\"0\" data-orderby=\"\" data-order=\"\" data-orderbyas=\"\" data-orderbysecond=\"\" data-ordersecond=\"\" data-parametric=\"{&quot;query&quot;:&quot;normal&quot;,&quot;id&quot;:82,&quot;view_id&quot;:82,&quot;widget_id&quot;:0,&quot;view_hash&quot;:&quot;82&quot;,&quot;action&quot;:&quot;\\\/en\\\/wp-json\\\/wp\\\/v2\\\/pages\\\/733?wpv_view_count=82&quot;,&quot;sort&quot;:{&quot;orderby&quot;:&quot;&quot;,&quot;order&quot;:&quot;&quot;,&quot;orderby_as&quot;:&quot;&quot;,&quot;orderby_second&quot;:&quot;&quot;,&quot;order_second&quot;:&quot;&quot;},&quot;orderby&quot;:&quot;&quot;,&quot;order&quot;:&quot;&quot;,&quot;orderby_as&quot;:&quot;&quot;,&quot;orderby_second&quot;:&quot;&quot;,&quot;order_second&quot;:&quot;&quot;,&quot;ajax_form&quot;:&quot;&quot;,&quot;ajax_results&quot;:&quot;&quot;,&quot;effect&quot;:&quot;fade&quot;,&quot;prebefore&quot;:&quot;&quot;,&quot;before&quot;:&quot;&quot;,&quot;after&quot;:&quot;&quot;,&quot;attributes&quot;:[],&quot;environment&quot;:{&quot;current_post_id&quot;:733,&quot;parent_post_id&quot;:733,&quot;parent_term_id&quot;:0,&quot;parent_user_id&quot;:0,&quot;archive&quot;:{&quot;type&quot;:&quot;&quot;,&quot;name&quot;:&quot;&quot;,&quot;data&quot;:[]}},&quot;loop&quot;:{&quot;type&quot;:&quot;&quot;,&quot;name&quot;:&quot;&quot;,&quot;data&quot;:[],&quot;id&quot;:0}}\" data-attributes=\"[]\" data-environment=\"{&quot;current_post_id&quot;:733,&quot;parent_post_id&quot;:733,&quot;parent_term_id&quot;:0,&quot;parent_user_id&quot;:0,&quot;archive&quot;:{&quot;type&quot;:&quot;&quot;,&quot;name&quot;:&quot;&quot;,&quot;data&quot;:[]}}\"><input type=\"hidden\" class=\"js-wpv-dps-filter-data js-wpv-filter-data-for-this-form\" data-action=\"\/en\/wp-json\/wp\/v2\/pages\/733?wpv_view_count=82\" data-page=\"1\" data-ajax=\"enable\" data-effect=\"fade\" data-maxpages=\"0\" data-ajaxprebefore=\"\" data-ajaxbefore=\"\" data-ajaxafter=\"\" \/><input class=\"wpv_view_count wpv_view_count-82\" type=\"hidden\" name=\"wpv_view_count\" value=\"82\" \/>\n<span style=\"font-family: Quicksand;\">by Alphabet<\/span><div class=\"form-group\"><select name=\"wpv-letra\" class=\"js-wpv-filter-trigger form-control\"><option selected='selected' value=\"0\">Select an option<\/option><option value=\"a\">A<\/option><option value=\"b\">B<\/option><option value=\"c\">C<\/option><option value=\"d\">D<\/option><option value=\"h\">H<\/option><option value=\"m\">M<\/option><option value=\"n\">N<\/option><option value=\"p\">P<\/option><option value=\"r\">R<\/option><option value=\"v\">V<\/option><\/select>\n<\/div>\n<div style=\"clear:both;\"><br><input type=\"submit\" class=\".vc_btn3.vc_btn3-color-black wpv-submit-trigger js-wpv-submit-trigger btn\" name=\"wpv_filter_submit\" value=\"Submit\" \/><\/div>\n<\/form><br><br>\n<div id=\"wpv-view-layout-82\" class=\"js-wpv-view-layout js-wpv-layout-responsive js-wpv-view-layout-82\" data-viewnumber=\"82\" data-pagination=\"{&quot;id&quot;:82,&quot;query&quot;:&quot;normal&quot;,&quot;type&quot;:&quot;disabled&quot;,&quot;effect&quot;:&quot;fade&quot;,&quot;duration&quot;:500,&quot;speed&quot;:5,&quot;pause_on_hover&quot;:&quot;disabled&quot;,&quot;stop_rollover&quot;:&quot;false&quot;,&quot;cache_pages&quot;:&quot;enabled&quot;,&quot;preload_images&quot;:&quot;enabled&quot;,&quot;preload_pages&quot;:&quot;enabled&quot;,&quot;preload_reach&quot;:1,&quot;spinner&quot;:&quot;builtin&quot;,&quot;spinner_image&quot;:&quot;https:\/\/www.hds.com.ar\/\/wp-content\/plugins\/wp-views\/embedded\/res\/img\/ajax-loader.gif&quot;,&quot;callback_next&quot;:&quot;&quot;,&quot;manage_history&quot;:&quot;enabled&quot;,&quot;has_controls_in_form&quot;:&quot;disabled&quot;,&quot;infinite_tolerance&quot;:&quot;0&quot;,&quot;max_pages&quot;:0,&quot;page&quot;:1,&quot;base_permalink&quot;:&quot;\/en\/wp-json\/wp\/v2\/pages\/733?wpv_view_count=82&amp;wpv_paged=WPV_PAGE_NUM&quot;,&quot;loop&quot;:{&quot;type&quot;:&quot;&quot;,&quot;name&quot;:&quot;&quot;,&quot;data&quot;:[],&quot;id&quot;:0}}\" data-permalink=\"\/en\/wp-json\/wp\/v2\/pages\/733?wpv_view_count=82\">\n\n\t\n\t\n\t<div class=\"container wpv-loop js-wpv-loop\">\n\t\n\t\t\n\t\t<div class=\"row \">\n\t\t\t<div class=\"col-sm-3\"><div class=\"tb-fields-and-text\" data-toolset-blocks-fields-and-text=\"3e1d2592ce20bdf2bf813c9dfa44c991\"><div class=\"Panel\"><a href=\"https:\/\/www.hds.com.ar\/en\/profesional\/arce-rufino\/\"><img decoding=\"async\" class=\"Im\" src=\"https:\/\/www.hds.com.ar\/wp-content\/uploads\/2017\/05\/arce-1.jpg\" width=\"100%\"  ><\/a>\n<span class=\"TituloGrilla\">ARCE, RUFINO<\/span>\n  <span class=\"SubGrilla\">Partner<\/span><\/div>\n\n\n<\/div><\/div>\n\t\t\n\t\t\n\t\t\t<div class=\"col-sm-3\"><div class=\"tb-fields-and-text\" data-toolset-blocks-fields-and-text=\"3e1d2592ce20bdf2bf813c9dfa44c991\"><div class=\"Panel\"><a href=\"https:\/\/www.hds.com.ar\/en\/profesional\/bo-jose-maria\/\"><img decoding=\"async\" class=\"Im\" src=\"https:\/\/www.hds.com.ar\/wp-content\/uploads\/2017\/10\/bo-1.jpg\" width=\"100%\"  ><\/a>\n<span class=\"TituloGrilla\">BO, JOS\u00c9 MAR\u00cdA<\/span>\n  <span class=\"SubGrilla\">Partner<\/span><\/div>\n\n\n<\/div><\/div>\n\t\t\n\t\t\n\t\t\t<div class=\"col-sm-3\"><div class=\"tb-fields-and-text\" data-toolset-blocks-fields-and-text=\"3e1d2592ce20bdf2bf813c9dfa44c991\"><div class=\"Panel\"><a href=\"https:\/\/www.hds.com.ar\/en\/profesional\/christensen-esteban\/\"><img decoding=\"async\" class=\"Im\" src=\"https:\/\/www.hds.com.ar\/wp-content\/uploads\/2017\/10\/chris.jpg\" width=\"100%\"  ><\/a>\n<span class=\"TituloGrilla\">CHRISTENSEN, ESTEBAN<\/span>\n  <span class=\"SubGrilla\">Partner<\/span><\/div>\n\n\n<\/div><\/div>\n\t\t\n\t\t\n\t\t\t<div class=\"col-sm-3\"><div class=\"tb-fields-and-text\" data-toolset-blocks-fields-and-text=\"3e1d2592ce20bdf2bf813c9dfa44c991\"><div class=\"Panel\"><a href=\"https:\/\/www.hds.com.ar\/en\/profesional\/duggan-juan-patricio\/\"><img decoding=\"async\" class=\"Im\" src=\"https:\/\/www.hds.com.ar\/wp-content\/uploads\/2017\/05\/JUAN-DUGGAN.jpg\" width=\"100%\"  ><\/a>\n<span class=\"TituloGrilla\">DUGGAN, JUAN PATRICIO<\/span>\n  <span class=\"SubGrilla\">Partner<\/span><\/div>\n\n\n<\/div><\/div>\n\t\t<\/div>\n\t\t\n\t\t\n\t\t<div class=\"row \">\n\t\t\t<div class=\"col-sm-3\"><div class=\"tb-fields-and-text\" data-toolset-blocks-fields-and-text=\"3e1d2592ce20bdf2bf813c9dfa44c991\"><div class=\"Panel\"><a href=\"https:\/\/www.hds.com.ar\/en\/profesional\/hope-adrian\/\"><img decoding=\"async\" class=\"Im\" src=\"https:\/\/www.hds.com.ar\/wp-content\/uploads\/2017\/10\/hope-1.jpg\" width=\"100%\"  ><\/a>\n<span class=\"TituloGrilla\">HOPE, ADRI\u00c1N<\/span>\n  <span class=\"SubGrilla\">Senior Counsel<\/span><\/div>\n\n\n<\/div><\/div>\n\t\t\n\t\t\n\t\t\t<div class=\"col-sm-3\"><div class=\"tb-fields-and-text\" data-toolset-blocks-fields-and-text=\"3e1d2592ce20bdf2bf813c9dfa44c991\"><div class=\"Panel\"><a href=\"https:\/\/www.hds.com.ar\/en\/profesional\/maciel-hugo\/\"><img decoding=\"async\" class=\"Im\" src=\"https:\/\/www.hds.com.ar\/wp-content\/uploads\/2017\/10\/maciel-1.jpg\" width=\"100%\"  ><\/a>\n<span class=\"TituloGrilla\">MACIEL, HUGO<\/span>\n  <span class=\"SubGrilla\">Senior Counsel<\/span><\/div>\n\n\n<\/div><\/div>\n\t\t\n\t\t\n\t\t\t<div class=\"col-sm-3\"><div class=\"tb-fields-and-text\" data-toolset-blocks-fields-and-text=\"3e1d2592ce20bdf2bf813c9dfa44c991\"><div class=\"Panel\"><a href=\"https:\/\/www.hds.com.ar\/en\/profesional\/nelson-jose\/\"><img decoding=\"async\" class=\"Im\" src=\"https:\/\/www.hds.com.ar\/wp-content\/uploads\/2017\/10\/nelson-1.jpg\" width=\"100%\"  ><\/a>\n<span class=\"TituloGrilla\">NELSON, JOS\u00c9<\/span>\n  <span class=\"SubGrilla\">Partner<\/span><\/div>\n\n\n<\/div><\/div>\n\t\t\n\t\t\n\t\t\t<div class=\"col-sm-3\"><div class=\"tb-fields-and-text\" data-toolset-blocks-fields-and-text=\"3e1d2592ce20bdf2bf813c9dfa44c991\"><div class=\"Panel\"><a href=\"https:\/\/www.hds.com.ar\/en\/profesional\/pedemonte-gotardo-2\/\"><img decoding=\"async\" class=\"Im\" src=\"https:\/\/www.hds.com.ar\/wp-content\/uploads\/2017\/05\/pedemonte-1.jpg\" width=\"100%\"  ><\/a>\n<span class=\"TituloGrilla\">PEDEMONTE, GOTARDO<\/span>\n  <span class=\"SubGrilla\">Partner<\/span><\/div>\n\n\n<\/div><\/div>\n\t\t<\/div>\n\t\t\n\t\t\n\t\t<div class=\"row \">\n\t\t\t<div class=\"col-sm-3\"><div class=\"tb-fields-and-text\" data-toolset-blocks-fields-and-text=\"3e1d2592ce20bdf2bf813c9dfa44c991\"><div class=\"Panel\"><a href=\"https:\/\/www.hds.com.ar\/en\/profesional\/pellicano-agostina-sol\/\"><img decoding=\"async\" class=\"Im\" src=\"https:\/\/www.hds.com.ar\/wp-content\/uploads\/2024\/06\/AGOSTINA-chica-480x360.jpg\" width=\"100%\"  ><\/a>\n<span class=\"TituloGrilla\">PELLICAN\u00d3, AGOSTINA SOL<\/span>\n  <span class=\"SubGrilla\">Associate<\/span><\/div>\n\n\n<\/div><\/div>\n\t\t\n\t\t\n\t\t\t<div class=\"col-sm-3\"><div class=\"tb-fields-and-text\" data-toolset-blocks-fields-and-text=\"3e1d2592ce20bdf2bf813c9dfa44c991\"><div class=\"Panel\"><a href=\"https:\/\/www.hds.com.ar\/en\/profesional\/reparaz-gabriela\/\"><img decoding=\"async\" class=\"Im\" src=\"https:\/\/www.hds.com.ar\/wp-content\/uploads\/2017\/10\/reparaz-1.jpg\" width=\"100%\"  ><\/a>\n<span class=\"TituloGrilla\">REPARAZ, GABRIELA<\/span>\n  <span class=\"SubGrilla\">Associate<\/span><\/div>\n\n\n<\/div><\/div>\n\t\t\n\t\t\n\t\t\t<div class=\"col-sm-3\"><div class=\"tb-fields-and-text\" data-toolset-blocks-fields-and-text=\"3e1d2592ce20bdf2bf813c9dfa44c991\"><div class=\"Panel\"><a href=\"https:\/\/www.hds.com.ar\/en\/profesional\/ricciardi-nicolas\/\"><img decoding=\"async\" class=\"Im\" src=\"https:\/\/www.hds.com.ar\/wp-content\/uploads\/2017\/05\/NICO-RICCIARDI-480x360.jpg\" width=\"100%\"  ><\/a>\n<span class=\"TituloGrilla\">RICCIARDI, NICOL\u00c1S<\/span>\n  <span class=\"SubGrilla\">Senior Associate<\/span><\/div>\n\n\n<\/div><\/div>\n\t\t\n\t\t\n\t\t\t<div class=\"col-sm-3\"><div class=\"tb-fields-and-text\" data-toolset-blocks-fields-and-text=\"3e1d2592ce20bdf2bf813c9dfa44c991\"><div class=\"Panel\"><a href=\"https:\/\/www.hds.com.ar\/en\/profesional\/vanasco-carlos\/\"><img decoding=\"async\" class=\"Im\" src=\"https:\/\/www.hds.com.ar\/wp-content\/uploads\/2017\/10\/vanasco-1.jpg\" width=\"100%\"  ><\/a>\n<span class=\"TituloGrilla\">VANASCO, CARLOS<\/span>\n  <span class=\"SubGrilla\">Senior Counsel<\/span><\/div>\n\n\n<\/div><\/div>\n\t\t<\/div>\n\t\t\n\t\t\n\t\t<div class=\"row \">\n\t\t\t<div class=\"col-sm-3\"><div class=\"tb-fields-and-text\" data-toolset-blocks-fields-and-text=\"3e1d2592ce20bdf2bf813c9dfa44c991\"><div class=\"Panel\"><a href=\"https:\/\/www.hds.com.ar\/en\/profesional\/vayo-gustavo\/\"><img decoding=\"async\" class=\"Im\" src=\"https:\/\/www.hds.com.ar\/wp-content\/uploads\/2017\/10\/vayo-1.jpg\" width=\"100%\"  ><\/a>\n<span class=\"TituloGrilla\">VAYO, GUSTAVO<\/span>\n  <span class=\"SubGrilla\">Partner<\/span><\/div>\n\n\n<\/div><\/div>\n\t\t\n\t\t\n\t\t\t<div class=\"col-sm-3\"><div class=\"tb-fields-and-text\" data-toolset-blocks-fields-and-text=\"3e1d2592ce20bdf2bf813c9dfa44c991\"><div class=\"Panel\"><a href=\"https:\/\/www.hds.com.ar\/en\/profesional\/vivot-hugo\/\"><img decoding=\"async\" class=\"Im\" src=\"https:\/\/www.hds.com.ar\/wp-content\/uploads\/2017\/10\/vivot-1.jpg\" width=\"100%\"  ><\/a>\n<span class=\"TituloGrilla\">VIVOT, HUGO<\/span>\n  <span class=\"SubGrilla\">Partner<\/span><\/div>\n\n\n<\/div><\/div>\n\t\t\n\t\t\t<div class=\"col-sm-3\"><\/div>\n\t\t\n\t\t\t<div class=\"col-sm-3\"><\/div>\n\t\t<\/div>\n\t\n\t<\/div>\n\t\n\t\n\t\n<\/div>\n\n\n\t\t<\/div>\n\t<\/div>\n<\/div><\/div><\/div><\/div>\n<\/div>","protected":false},"excerpt":{"rendered":"ALPHABETIC SEARCH by AlphabetSelect an optionABCDHMNPRV ARCE, RUFINO Partner BO, JOS\u00c9 MAR\u00cdA Partner CHRISTENSEN, ESTEBAN Partner DUGGAN, JUAN PATRICIO Partner HOPE, ADRI\u00c1N Senior Counsel MACIEL, HUGO Senior Counsel NELSON, JOS\u00c9 Partner PEDEMONTE, GOTARDO Partner PELLICAN\u00d3, AGOSTINA SOL Associate REPARAZ, GABRIELA Associate RICCIARDI, NICOL\u00c1S Senior Associate VANASCO, CARLOS Senior Counsel VAYO, GUSTAVO Partner VIVOT, HUGO Partner","protected":false},"author":1,"featured_media":0,"parent":0,"menu_order":0,"comment_status":"closed","ping_status":"closed","template":"","meta":{"rs_blank_template":"","rs_page_bg_color":"","slide_template_v7":"","_exactmetrics_skip_tracking":false,"_exactmetrics_sitenote_active":false,"_exactmetrics_sitenote_note":"","_exactmetrics_sitenote_category":0,"footnotes":""},"class_list":["post-733","page","type-page","status-publish","hentry"],"_links":{"self":[{"href":"https:\/\/www.hds.com.ar\/en\/wp-json\/wp\/v2\/pages\/733","targetHints":{"allow":["GET"]}}],"collection":[{"href":"https:\/\/www.hds.com.ar\/en\/wp-json\/wp\/v2\/pages"}],"about":[{"href":"https:\/\/www.hds.com.ar\/en\/wp-json\/wp\/v2\/types\/page"}],"author":[{"embeddable":true,"href":"https:\/\/www.hds.com.ar\/en\/wp-json\/wp\/v2\/users\/1"}],"replies":[{"embeddable":true,"href":"https:\/\/www.hds.com.ar\/en\/wp-json\/wp\/v2\/comments?post=733"}],"version-history":[{"count":0,"href":"https:\/\/www.hds.com.ar\/en\/wp-json\/wp\/v2\/pages\/733\/revisions"}],"wp:attachment":[{"href":"https:\/\/www.hds.com.ar\/en\/wp-json\/wp\/v2\/media?parent=733"}],"curies":[{"name":"wp","href":"https:\/\/api.w.org\/{rel}","templated":true}]}}